{"id":19531,"date":"2023-10-27T10:10:35","date_gmt":"2023-10-27T08:10:35","guid":{"rendered":"https:\/\/rakvere.metsauhistu.ee\/?page_id=19531"},"modified":"2023-11-27T11:53:59","modified_gmt":"2023-11-27T09:53:59","slug":"contacts","status":"publish","type":"page","link":"https:\/\/rakvere.metsauhistu.ee\/en\/contacts\/","title":{"rendered":"Contacts"},"content":{"rendered":"\n<div class=\"wp-block-group kontakt-google-maps\"><div class=\"wp-block-group__inner-container is-layout-flow wp-block-group-is-layout-flow\">\n<div class=\"wp-block-columns is-layout-flex wp-container-core-columns-is-layout-1 wp-block-columns-is-layout-flex\">\n<div class=\"wp-block-column is-layout-flow wp-block-column-is-layout-flow\" style=\"flex-basis:40%\">\n<div style=\"height:40px\" aria-hidden=\"true\" class=\"wp-block-spacer\"><\/div>\n\n\n\n<figure class=\"wp-block-image size-large is-resized\"><img decoding=\"async\" src=\"http:\/\/rakvere.metsauhistu.ee\/wp-content\/uploads\/sites\/6\/2020\/06\/MU\u0308_Rakvere_logo_colour.svg\" alt=\"\" class=\"wp-image-14516\" style=\"width:300px;height:35px\"\/><\/figure>\n\n\n\n<div style=\"height:20px\" aria-hidden=\"true\" class=\"wp-block-spacer\"><\/div>\n\n\n\n<p><strong>Rakvere Metsa\u00fchistu T\u00dc<\/strong><\/p>\n\n\n\n<p><strong>Address:<\/strong> Laada 20, Rakvere<br>We are located on the 4th floor <\/p>\n\n\n\n<p>Opening hours:<br>Mon-Fri: 9:00 &#8211; 15:00 <\/p>\n\n\n\n<p><strong>Phone: <\/strong>+372 322 7845<br><strong>E-mail: <a href=\"mailto:rakvere@metsauhistu.ee\">rakvere@metsauhistu.ee<\/a><\/strong><\/p>\n\n\n\n<p><strong>Requisites:<\/strong><br>Registry code: 10370650<br>KMKR No: EE100752203<br>LHV: EE577700771000797448<\/p>\n<\/div>\n\n\n\n<div class=\"wp-block-column is-layout-flow wp-block-column-is-layout-flow\">\n<div style=\"height:40px\" aria-hidden=\"true\" class=\"wp-block-spacer\"><\/div>\n\n\n<style>\n    .google-maps-init {\n        display: block;\n        width: 100%;\n        height: 40rem;\n    }\n<\/style>\n<div class=\"gmaps\">\n    <div id=\"google_maps_6a06ef0cb81fb\" class=\"google-maps-init\"><\/div>\n<\/div>\n<script>\n    (function () {\n        if (document.readyState === 'complete') {\n            initMap();\n        }\n\n        const interval = setInterval(function () {\n            if (document.readyState === 'complete') {\n                clearInterval(interval);\n                initMap();\n            }\n        }, 100);\n\n        function initMap() {\n            GoogleMapsLoader.init(function () {\n                const mapEl     = document.getElementById('google_maps_6a06ef0cb81fb');\n                const x         = 59.34622870420063;\n                const y         = 26.366049369763523;\n                const mapCenter = new google.maps.LatLng(x, y);\n                const map       = new google.maps.Map(mapEl, {\n                    center: mapCenter,\n                    disableDefaultUI: true,\n                    zoomControl: true,\n                    fullscreenControl: true,\n                    zoom: 16,\n                    styles: [\n                        {\n                            \"elementType\": \"labels.icon\",\n                            \"stylers\": [\n                                {\n                                    \"visibility\": \"off\"\n                                }\n                            ]\n                        },\n                    ]\n                });\n\n                new google.maps.Marker({\n                    position: mapCenter,\n                    map: map,\n                    disableDefaultUI: true,\n                    icon: {\n                        \/\/todo: vaheta see v\u00e4lja peale LIVE panekut.\n                        url: '\/wp-content\/themes\/metsauhistu\/dist\/images\/pin.svg',\n                        origin: new google.maps.Point(0, 0)\n                    },\n                });\n            });\n        }\n    })();\n<\/script>\n\n<\/div>\n<\/div>\n<\/div><\/div>\n\n\n\n<div class=\"wp-block-columns is-layout-flex wp-container-core-columns-is-layout-2 wp-block-columns-is-layout-flex\">\n<div class=\"wp-block-column is-layout-flow wp-block-column-is-layout-flow\">\n<div class=\"wp-block-group kontakti-kaart\"><div class=\"wp-block-group__inner-container is-layout-flow wp-block-group-is-layout-flow\">\n<figure class=\"wp-block-image size-large\"><img loading=\"lazy\" decoding=\"async\" width=\"892\" height=\"594\" src=\"http:\/\/rakvere.metsauhistu.ee\/wp-content\/uploads\/sites\/6\/2020\/11\/helina-vara-toetused-rakvere-metsauhistu.jpg\" alt=\"Helina Vara - assistent\" class=\"wp-image-17916\" srcset=\"https:\/\/rakvere.metsauhistu.ee\/wp-content\/uploads\/sites\/6\/2020\/11\/helina-vara-toetused-rakvere-metsauhistu.jpg 892w, https:\/\/rakvere.metsauhistu.ee\/wp-content\/uploads\/sites\/6\/2020\/11\/helina-vara-toetused-rakvere-metsauhistu-300x200.jpg 300w, https:\/\/rakvere.metsauhistu.ee\/wp-content\/uploads\/sites\/6\/2020\/11\/helina-vara-toetused-rakvere-metsauhistu-768x511.jpg 768w\" sizes=\"(max-width: 892px) 100vw, 892px\" \/><\/figure>\n\n\n\n<h4 class=\"wp-block-heading\">Helina Vara<\/h4>\n\n\n\n<p class=\"has-small-font-size\"><em>Assistant &amp; Board Member<br>Subsidies<\/em><\/p>\n\n\n\n<p>+372 5552 2882<\/p>\n\n\n\n<p><strong><strong><a href=\"mailto:helina.vara@metsauhistu.ee\">helina.vara@metsauhistu.ee<\/a><\/strong><\/strong><\/p>\n<\/div><\/div>\n\n\n\n<p><\/p>\n<\/div>\n\n\n\n<div class=\"wp-block-column is-layout-flow wp-block-column-is-layout-flow\">\n<div class=\"wp-block-group kontakti-kaart\"><div class=\"wp-block-group__inner-container is-layout-flow wp-block-group-is-layout-flow\">\n<figure class=\"wp-block-image size-large\"><img loading=\"lazy\" decoding=\"async\" width=\"892\" height=\"594\" src=\"http:\/\/rakvere.metsauhistu.ee\/wp-content\/uploads\/sites\/6\/2020\/11\/rene-puhke-metsameister-rakvere-metsauhistu.jpg\" alt=\"Rene Puhke metsameister\" class=\"wp-image-17915\" srcset=\"https:\/\/rakvere.metsauhistu.ee\/wp-content\/uploads\/sites\/6\/2020\/11\/rene-puhke-metsameister-rakvere-metsauhistu.jpg 892w, https:\/\/rakvere.metsauhistu.ee\/wp-content\/uploads\/sites\/6\/2020\/11\/rene-puhke-metsameister-rakvere-metsauhistu-300x200.jpg 300w, https:\/\/rakvere.metsauhistu.ee\/wp-content\/uploads\/sites\/6\/2020\/11\/rene-puhke-metsameister-rakvere-metsauhistu-768x511.jpg 768w\" sizes=\"(max-width: 892px) 100vw, 892px\" \/><\/figure>\n\n\n\n<h4 class=\"wp-block-heading\">Rene Puhke<\/h4>\n\n\n\n<p class=\"has-small-font-size\"><em>Forester &amp; Board Member<br>Forestry work<\/em><\/p>\n\n\n\n<p>+372 5335 9111<\/p>\n\n\n\n<p><a href=\"mailto:rene.puhke@metsauhistu.ee\"><strong>rene.puhke@metsauhistu.ee<\/strong><\/a><\/p>\n<\/div><\/div>\n<\/div>\n\n\n\n<div class=\"wp-block-column is-layout-flow wp-block-column-is-layout-flow\">\n<div class=\"wp-block-group kontakti-kaart\"><div class=\"wp-block-group__inner-container is-layout-flow wp-block-group-is-layout-flow\">\n<figure class=\"wp-block-image size-large\"><img loading=\"lazy\" decoding=\"async\" width=\"892\" height=\"594\" src=\"http:\/\/rakvere.metsauhistu.ee\/wp-content\/uploads\/sites\/6\/2020\/10\/meelis-matkamae-rakvere-metsauhistu.jpg\" alt=\"Meelis Matkam\u00e4e. Rakvere Metsa\u00fchistu\" class=\"wp-image-17839\" srcset=\"https:\/\/rakvere.metsauhistu.ee\/wp-content\/uploads\/sites\/6\/2020\/10\/meelis-matkamae-rakvere-metsauhistu.jpg 892w, https:\/\/rakvere.metsauhistu.ee\/wp-content\/uploads\/sites\/6\/2020\/10\/meelis-matkamae-rakvere-metsauhistu-300x200.jpg 300w, https:\/\/rakvere.metsauhistu.ee\/wp-content\/uploads\/sites\/6\/2020\/10\/meelis-matkamae-rakvere-metsauhistu-768x511.jpg 768w\" sizes=\"(max-width: 892px) 100vw, 892px\" \/><\/figure>\n\n\n\n<h4 class=\"wp-block-heading\">Meelis Matkam\u00e4e<\/h4>\n\n\n\n<p class=\"has-small-font-size\"><em>Forestry consultant &amp; Board Member<br>General management<br><\/em><\/p>\n\n\n\n<p>+372 505 4383<\/p>\n\n\n\n<p><a href=\"mailto:meelis.matkamae@metsauhistu.ee\"><strong>meelis.matkamae@metsauhistu.ee<\/strong><\/a><\/p>\n<\/div><\/div>\n<\/div>\n<\/div>\n\n\n\n<div class=\"wp-block-columns is-layout-flex wp-container-core-columns-is-layout-3 wp-block-columns-is-layout-flex\">\n<div class=\"wp-block-column is-layout-flow wp-block-column-is-layout-flow\">\n<div class=\"wp-block-group kontakti-kaart\"><div class=\"wp-block-group__inner-container is-layout-flow wp-block-group-is-layout-flow\">\n<figure class=\"wp-block-image size-large\"><img loading=\"lazy\" decoding=\"async\" width=\"892\" height=\"594\" src=\"https:\/\/rakvere.metsauhistu.ee\/wp-content\/uploads\/sites\/6\/2022\/10\/tiia-renser-rakvere-metsauhistu.jpg\" alt=\"Tiia Renser. Rakvere Metsa\u00fchistu\" class=\"wp-image-19122\" srcset=\"https:\/\/rakvere.metsauhistu.ee\/wp-content\/uploads\/sites\/6\/2022\/10\/tiia-renser-rakvere-metsauhistu.jpg 892w, https:\/\/rakvere.metsauhistu.ee\/wp-content\/uploads\/sites\/6\/2022\/10\/tiia-renser-rakvere-metsauhistu-300x200.jpg 300w, https:\/\/rakvere.metsauhistu.ee\/wp-content\/uploads\/sites\/6\/2022\/10\/tiia-renser-rakvere-metsauhistu-768x511.jpg 768w\" sizes=\"(max-width: 892px) 100vw, 892px\" \/><\/figure>\n\n\n\n<h4 class=\"wp-block-heading\">Tiia Renser<\/h4>\n\n\n\n<p class=\"has-small-font-size\"><em>Accountant &amp; Board Member<br>Accounting for timber sales<\/em><\/p>\n\n\n\n<p>+372 529 0733<\/p>\n\n\n\n<p><strong><a href=\"mailto:tiia.renser@metsauhistu.ee\">tiia.renser@metsauhistu.ee<\/a><\/strong><\/p>\n<\/div><\/div>\n\n\n\n<p><\/p>\n<\/div>\n\n\n\n<div class=\"wp-block-column is-layout-flow wp-block-column-is-layout-flow\"><\/div>\n\n\n\n<div class=\"wp-block-column is-layout-flow wp-block-column-is-layout-flow\">\n<p><\/p>\n<\/div>\n<\/div>\n","protected":false},"excerpt":{"rendered":"<p>Rakvere Metsa\u00fchistu T\u00dc Address: Laada 20, RakvereWe are located on the 4th floor Opening hours:Mon-Fri: 9:00 &#8211; 15:00 Phone: +372 322 7845E-mail: rakvere@metsauhistu.ee Requisites:Registry code: 10370650KMKR No: EE100752203LHV: EE577700771000797448 Helina Vara Assistant &amp; Board MemberSubsidies +372 5552 2882 helina.vara@metsauhistu.ee Rene Puhke Forester &amp; Board MemberForestry work +372 5335 9111 rene.puhke@metsauhistu.ee Meelis Matkam\u00e4e Forestry consultant &amp; &hellip; <a href=\"https:\/\/rakvere.metsauhistu.ee\/en\/contacts\/\">J\u00e4tkub<\/a><\/p>\n","protected":false},"author":3,"featured_media":0,"parent":0,"menu_order":27,"comment_status":"open","ping_status":"open","template":"template-custom.php","meta":{"inline_featured_image":false,"_lmt_disableupdate":"","_lmt_disable":"","_themeisle_gutenberg_block_has_review":false,"footnotes":""},"class_list":["post-19531","page","type-page","status-publish","hentry"],"acf":{"post_custom_id":"","image":false,"peida_otsingus":false},"yoast_head":"<!-- This site is optimized with the Yoast SEO plugin v23.3 - https:\/\/yoast.com\/wordpress\/plugins\/seo\/ -->\n<title>Contacts - Rakvere Metsa\u00fchistu<\/title>\n<meta name=\"robots\" content=\"index, follow, max-snippet:-1, max-image-preview:large, max-video-preview:-1\" \/>\n<link rel=\"canonical\" href=\"https:\/\/rakvere.metsauhistu.ee\/en\/contacts\/\" \/>\n<meta property=\"og:locale\" content=\"en_US\" \/>\n<meta property=\"og:type\" content=\"article\" \/>\n<meta property=\"og:title\" content=\"Contacts - Rakvere Metsa\u00fchistu\" \/>\n<meta property=\"og:description\" content=\"Rakvere Metsa\u00fchistu T\u00dc Address: Laada 20, RakvereWe are located on the 4th floor Opening hours:Mon-Fri: 9:00 &#8211; 15:00 Phone: +372 322 7845E-mail: rakvere@metsauhistu.ee Requisites:Registry code: 10370650KMKR No: EE100752203LHV: EE577700771000797448 Helina Vara Assistant &amp; Board MemberSubsidies +372 5552 2882 helina.vara@metsauhistu.ee Rene Puhke Forester &amp; Board MemberForestry work +372 5335 9111 rene.puhke@metsauhistu.ee Meelis Matkam\u00e4e Forestry consultant &amp; &hellip; J\u00e4tkub\" \/>\n<meta property=\"og:url\" content=\"https:\/\/rakvere.metsauhistu.ee\/en\/contacts\/\" \/>\n<meta property=\"og:site_name\" content=\"Rakvere Metsa\u00fchistu\" \/>\n<meta property=\"article:publisher\" content=\"https:\/\/www.facebook.com\/metsauhistu\" \/>\n<meta property=\"article:modified_time\" content=\"2023-11-27T09:53:59+00:00\" \/>\n<meta property=\"og:image\" content=\"http:\/\/rakvere.metsauhistu.ee\/wp-content\/uploads\/sites\/6\/2020\/11\/helina-vara-toetused-rakvere-metsauhistu.jpg\" \/>\n<meta name=\"twitter:card\" content=\"summary_large_image\" \/>\n<script type=\"application\/ld+json\" class=\"yoast-schema-graph\">{\"@context\":\"https:\/\/schema.org\",\"@graph\":[{\"@type\":\"WebPage\",\"@id\":\"https:\/\/rakvere.metsauhistu.ee\/en\/contacts\/\",\"url\":\"https:\/\/rakvere.metsauhistu.ee\/en\/contacts\/\",\"name\":\"Contacts - Rakvere Metsa\u00fchistu\",\"isPartOf\":{\"@id\":\"https:\/\/rakvere.metsauhistu.ee\/en\/#website\"},\"primaryImageOfPage\":{\"@id\":\"https:\/\/rakvere.metsauhistu.ee\/en\/contacts\/#primaryimage\"},\"image\":{\"@id\":\"https:\/\/rakvere.metsauhistu.ee\/en\/contacts\/#primaryimage\"},\"thumbnailUrl\":\"http:\/\/rakvere.metsauhistu.ee\/wp-content\/uploads\/sites\/6\/2020\/11\/helina-vara-toetused-rakvere-metsauhistu.jpg\",\"datePublished\":\"2023-10-27T08:10:35+00:00\",\"dateModified\":\"2023-11-27T09:53:59+00:00\",\"breadcrumb\":{\"@id\":\"https:\/\/rakvere.metsauhistu.ee\/en\/contacts\/#breadcrumb\"},\"inLanguage\":\"en-US\",\"potentialAction\":[{\"@type\":\"ReadAction\",\"target\":[\"https:\/\/rakvere.metsauhistu.ee\/en\/contacts\/\"]}]},{\"@type\":\"ImageObject\",\"inLanguage\":\"en-US\",\"@id\":\"https:\/\/rakvere.metsauhistu.ee\/en\/contacts\/#primaryimage\",\"url\":\"http:\/\/rakvere.metsauhistu.ee\/wp-content\/uploads\/sites\/6\/2020\/11\/helina-vara-toetused-rakvere-metsauhistu.jpg\",\"contentUrl\":\"http:\/\/rakvere.metsauhistu.ee\/wp-content\/uploads\/sites\/6\/2020\/11\/helina-vara-toetused-rakvere-metsauhistu.jpg\"},{\"@type\":\"BreadcrumbList\",\"@id\":\"https:\/\/rakvere.metsauhistu.ee\/en\/contacts\/#breadcrumb\",\"itemListElement\":[{\"@type\":\"ListItem\",\"position\":1,\"name\":\"Home\",\"item\":\"https:\/\/rakvere.metsauhistu.ee\/en\/\"},{\"@type\":\"ListItem\",\"position\":2,\"name\":\"Contacts\"}]},{\"@type\":\"WebSite\",\"@id\":\"https:\/\/rakvere.metsauhistu.ee\/en\/#website\",\"url\":\"https:\/\/rakvere.metsauhistu.ee\/en\/\",\"name\":\"Rakvere Metsa\u00fchistu\",\"description\":\"Majandame metsa \u00fcheskoos vastutustundlikult\",\"publisher\":{\"@id\":\"https:\/\/rakvere.metsauhistu.ee\/en\/#organization\"},\"potentialAction\":[{\"@type\":\"SearchAction\",\"target\":{\"@type\":\"EntryPoint\",\"urlTemplate\":\"https:\/\/rakvere.metsauhistu.ee\/en\/?s={search_term_string}\"},\"query-input\":\"required name=search_term_string\"}],\"inLanguage\":\"en-US\"},{\"@type\":\"Organization\",\"@id\":\"https:\/\/rakvere.metsauhistu.ee\/en\/#organization\",\"name\":\"Rakvere Metsa\u00fchistu\",\"url\":\"https:\/\/rakvere.metsauhistu.ee\/en\/\",\"logo\":{\"@type\":\"ImageObject\",\"inLanguage\":\"en-US\",\"@id\":\"https:\/\/rakvere.metsauhistu.ee\/en\/#\/schema\/logo\/image\/\",\"url\":\"https:\/\/rakvere.metsauhistu.ee\/wp-content\/uploads\/sites\/6\/2024\/07\/MU_Rakvere_logo_colour-1.png\",\"contentUrl\":\"https:\/\/rakvere.metsauhistu.ee\/wp-content\/uploads\/sites\/6\/2024\/07\/MU_Rakvere_logo_colour-1.png\",\"width\":995,\"height\":195,\"caption\":\"Rakvere Metsa\u00fchistu\"},\"image\":{\"@id\":\"https:\/\/rakvere.metsauhistu.ee\/en\/#\/schema\/logo\/image\/\"},\"sameAs\":[\"https:\/\/www.facebook.com\/metsauhistu\",\"https:\/\/www.instagram.com\/metsauhistu\/\",\"https:\/\/www.youtube.com\/@metsauhistu6878\"]}]}<\/script>\n<!-- \/ Yoast SEO plugin. -->","yoast_head_json":{"title":"Contacts - Rakvere Metsa\u00fchistu","robots":{"index":"index","follow":"follow","max-snippet":"max-snippet:-1","max-image-preview":"max-image-preview:large","max-video-preview":"max-video-preview:-1"},"canonical":"https:\/\/rakvere.metsauhistu.ee\/en\/contacts\/","og_locale":"en_US","og_type":"article","og_title":"Contacts - Rakvere Metsa\u00fchistu","og_description":"Rakvere Metsa\u00fchistu T\u00dc Address: Laada 20, RakvereWe are located on the 4th floor Opening hours:Mon-Fri: 9:00 &#8211; 15:00 Phone: +372 322 7845E-mail: rakvere@metsauhistu.ee Requisites:Registry code: 10370650KMKR No: EE100752203LHV: EE577700771000797448 Helina Vara Assistant &amp; Board MemberSubsidies +372 5552 2882 helina.vara@metsauhistu.ee Rene Puhke Forester &amp; Board MemberForestry work +372 5335 9111 rene.puhke@metsauhistu.ee Meelis Matkam\u00e4e Forestry consultant &amp; &hellip; J\u00e4tkub","og_url":"https:\/\/rakvere.metsauhistu.ee\/en\/contacts\/","og_site_name":"Rakvere Metsa\u00fchistu","article_publisher":"https:\/\/www.facebook.com\/metsauhistu","article_modified_time":"2023-11-27T09:53:59+00:00","og_image":[{"url":"http:\/\/rakvere.metsauhistu.ee\/wp-content\/uploads\/sites\/6\/2020\/11\/helina-vara-toetused-rakvere-metsauhistu.jpg"}],"twitter_card":"summary_large_image","schema":{"@context":"https:\/\/schema.org","@graph":[{"@type":"WebPage","@id":"https:\/\/rakvere.metsauhistu.ee\/en\/contacts\/","url":"https:\/\/rakvere.metsauhistu.ee\/en\/contacts\/","name":"Contacts - Rakvere Metsa\u00fchistu","isPartOf":{"@id":"https:\/\/rakvere.metsauhistu.ee\/en\/#website"},"primaryImageOfPage":{"@id":"https:\/\/rakvere.metsauhistu.ee\/en\/contacts\/#primaryimage"},"image":{"@id":"https:\/\/rakvere.metsauhistu.ee\/en\/contacts\/#primaryimage"},"thumbnailUrl":"http:\/\/rakvere.metsauhistu.ee\/wp-content\/uploads\/sites\/6\/2020\/11\/helina-vara-toetused-rakvere-metsauhistu.jpg","datePublished":"2023-10-27T08:10:35+00:00","dateModified":"2023-11-27T09:53:59+00:00","breadcrumb":{"@id":"https:\/\/rakvere.metsauhistu.ee\/en\/contacts\/#breadcrumb"},"inLanguage":"en-US","potentialAction":[{"@type":"ReadAction","target":["https:\/\/rakvere.metsauhistu.ee\/en\/contacts\/"]}]},{"@type":"ImageObject","inLanguage":"en-US","@id":"https:\/\/rakvere.metsauhistu.ee\/en\/contacts\/#primaryimage","url":"http:\/\/rakvere.metsauhistu.ee\/wp-content\/uploads\/sites\/6\/2020\/11\/helina-vara-toetused-rakvere-metsauhistu.jpg","contentUrl":"http:\/\/rakvere.metsauhistu.ee\/wp-content\/uploads\/sites\/6\/2020\/11\/helina-vara-toetused-rakvere-metsauhistu.jpg"},{"@type":"BreadcrumbList","@id":"https:\/\/rakvere.metsauhistu.ee\/en\/contacts\/#breadcrumb","itemListElement":[{"@type":"ListItem","position":1,"name":"Home","item":"https:\/\/rakvere.metsauhistu.ee\/en\/"},{"@type":"ListItem","position":2,"name":"Contacts"}]},{"@type":"WebSite","@id":"https:\/\/rakvere.metsauhistu.ee\/en\/#website","url":"https:\/\/rakvere.metsauhistu.ee\/en\/","name":"Rakvere Metsa\u00fchistu","description":"Majandame metsa \u00fcheskoos vastutustundlikult","publisher":{"@id":"https:\/\/rakvere.metsauhistu.ee\/en\/#organization"},"potentialAction":[{"@type":"SearchAction","target":{"@type":"EntryPoint","urlTemplate":"https:\/\/rakvere.metsauhistu.ee\/en\/?s={search_term_string}"},"query-input":"required name=search_term_string"}],"inLanguage":"en-US"},{"@type":"Organization","@id":"https:\/\/rakvere.metsauhistu.ee\/en\/#organization","name":"Rakvere Metsa\u00fchistu","url":"https:\/\/rakvere.metsauhistu.ee\/en\/","logo":{"@type":"ImageObject","inLanguage":"en-US","@id":"https:\/\/rakvere.metsauhistu.ee\/en\/#\/schema\/logo\/image\/","url":"https:\/\/rakvere.metsauhistu.ee\/wp-content\/uploads\/sites\/6\/2024\/07\/MU_Rakvere_logo_colour-1.png","contentUrl":"https:\/\/rakvere.metsauhistu.ee\/wp-content\/uploads\/sites\/6\/2024\/07\/MU_Rakvere_logo_colour-1.png","width":995,"height":195,"caption":"Rakvere Metsa\u00fchistu"},"image":{"@id":"https:\/\/rakvere.metsauhistu.ee\/en\/#\/schema\/logo\/image\/"},"sameAs":["https:\/\/www.facebook.com\/metsauhistu","https:\/\/www.instagram.com\/metsauhistu\/","https:\/\/www.youtube.com\/@metsauhistu6878"]}]}},"_links":{"self":[{"href":"https:\/\/rakvere.metsauhistu.ee\/en\/wp-json\/wp\/v2\/pages\/19531"}],"collection":[{"href":"https:\/\/rakvere.metsauhistu.ee\/en\/wp-json\/wp\/v2\/pages"}],"about":[{"href":"https:\/\/rakvere.metsauhistu.ee\/en\/wp-json\/wp\/v2\/types\/page"}],"author":[{"embeddable":true,"href":"https:\/\/rakvere.metsauhistu.ee\/en\/wp-json\/wp\/v2\/users\/3"}],"replies":[{"embeddable":true,"href":"https:\/\/rakvere.metsauhistu.ee\/en\/wp-json\/wp\/v2\/comments?post=19531"}],"version-history":[{"count":7,"href":"https:\/\/rakvere.metsauhistu.ee\/en\/wp-json\/wp\/v2\/pages\/19531\/revisions"}],"predecessor-version":[{"id":19605,"href":"https:\/\/rakvere.metsauhistu.ee\/en\/wp-json\/wp\/v2\/pages\/19531\/revisions\/19605"}],"wp:attachment":[{"href":"https:\/\/rakvere.metsauhistu.ee\/en\/wp-json\/wp\/v2\/media?parent=19531"}],"curies":[{"name":"wp","href":"https:\/\/api.w.org\/{rel}","templated":true}]}}