{"id":19527,"date":"2023-10-27T10:08:57","date_gmt":"2023-10-27T08:08:57","guid":{"rendered":"https:\/\/rakvere.metsauhistu.ee\/?page_id=19527"},"modified":"2025-08-12T05:12:16","modified_gmt":"2025-08-12T03:12:16","slug":"about-us","status":"publish","type":"page","link":"https:\/\/rakvere.metsauhistu.ee\/en\/about-us\/","title":{"rendered":"About us"},"content":{"rendered":"\n<div style=\"height:34px\" aria-hidden=\"true\" class=\"wp-block-spacer\"><\/div>\n\n\n\n<div class=\"wp-block-group text-left-img-right\"><div class=\"wp-block-group__inner-container is-layout-flow wp-block-group-is-layout-flow\">\n<div class=\"wp-block-columns are-vertically-aligned-top is-layout-flex wp-container-core-columns-is-layout-1 wp-block-columns-is-layout-flex\">\n<div class=\"wp-block-column is-vertically-aligned-top is-layout-flow wp-block-column-is-layout-flow\">\n<h1 class=\"wp-block-heading text-left-img-right\">Rakvere Metsa\u00fchistu<\/h1>\n\n\n\n<p>The Rakvere Metsa\u00fchistu was founded in 1992. In 2000, the legal form was changed and the Rakvere Metsa\u00fchistu became the only forest owner&#8217;s association in Estonia to operate as a commercial association. In mid-2024, we celebrated the joining of our 1000th forest owner.<\/p>\n\n\n\n<p>There are other additional firsts setting it apart \u2013 in 2005, the Management Board and the General Meeting were the first in Estonia to establish Best Practices for Private Forestry, the use of which has also been adopted. The Best Practices for Private Forestry were also endorsed in the same form at the general meeting of the Estonian Private Forest Union.<\/p>\n\n\n\n<p>Rakvere Metsa\u00fchistu was also the first, and for a long time the only, association in Estonia to hold an FSC forest manager certificate. As of October 2023, it was decided to suspend the group certificate indefinitely due to the high costs involved and the low level of interest from the forestry industry, authorities, and environmental organisations.<\/p>\n<\/div>\n\n\n\n<div class=\"wp-block-column is-vertically-aligned-top is-layout-flow wp-block-column-is-layout-flow\">\n<figure class=\"wp-block-image size-large\"><img loading=\"lazy\" decoding=\"async\" width=\"1024\" height=\"669\" src=\"http:\/\/rakvere.metsauhistu.ee\/wp-content\/uploads\/sites\/6\/2020\/08\/rakvere-metsauhistu-piirkond-1024x669.png\" alt=\"Rakvere Metsa\u00fchistu piirkond\" class=\"wp-image-17605\" srcset=\"https:\/\/rakvere.metsauhistu.ee\/wp-content\/uploads\/sites\/6\/2020\/08\/rakvere-metsauhistu-piirkond-1024x669.png 1024w, https:\/\/rakvere.metsauhistu.ee\/wp-content\/uploads\/sites\/6\/2020\/08\/rakvere-metsauhistu-piirkond-300x196.png 300w, https:\/\/rakvere.metsauhistu.ee\/wp-content\/uploads\/sites\/6\/2020\/08\/rakvere-metsauhistu-piirkond-768x501.png 768w, https:\/\/rakvere.metsauhistu.ee\/wp-content\/uploads\/sites\/6\/2020\/08\/rakvere-metsauhistu-piirkond.png 1210w\" sizes=\"(max-width: 1024px) 100vw, 1024px\" \/><\/figure>\n\n\n\n<p><\/p>\n<\/div>\n<\/div>\n<\/div><\/div>\n\n\n\n\n<div class=\"arvud alignfull\">\n\n    <div class=\"inner flex-wrap\">\n\t                <h2>Membership in Rakvere Metsa\u00fchistu grows each year<\/h2>\n\t    \n\t                <div class=\"desc\">We are pleased that every year more and more forest owners are trusting us to manage their forests. Today, nearly 1000 forest owners have already put their trust in us.<\/div>\n\t    \n        <div class=\"data-list\">\n\t\t\n\n\n\t\t\t\n                <div class=\"item\">\n\n\t\t\t\t\t\n\n\t\t\t\t\t                        <div class=\"aasta\">\n\t\t\t\t\t\t\t2017                        <\/div>\n\n\t\t\t\t\t\n\t\t\t\t\t                        <div class=\"liikmed\">\n\t\t\t\t\t\t\t577 members                        <\/div>\n\n\t\t\t\t\t\n\t\t\t\t\t                        <div class=\"hektarid\">\n\t\t\t\t\t\t\t15 845 ha                        <\/div>\n\n\t\t\t\t\t\n                <\/div>\n\t\t\t\n                <div class=\"item\">\n\n\t\t\t\t\t\n\n\t\t\t\t\t                        <div class=\"aasta\">\n\t\t\t\t\t\t\t2018                        <\/div>\n\n\t\t\t\t\t\n\t\t\t\t\t                        <div class=\"liikmed\">\n\t\t\t\t\t\t\t720 members                        <\/div>\n\n\t\t\t\t\t\n\t\t\t\t\t                        <div class=\"hektarid\">\n\t\t\t\t\t\t\t16 689 ha                        <\/div>\n\n\t\t\t\t\t\n                <\/div>\n\t\t\t\n                <div class=\"item\">\n\n\t\t\t\t\t\n\n\t\t\t\t\t                        <div class=\"aasta\">\n\t\t\t\t\t\t\t2019                        <\/div>\n\n\t\t\t\t\t\n\t\t\t\t\t                        <div class=\"liikmed\">\n\t\t\t\t\t\t\t834 members                        <\/div>\n\n\t\t\t\t\t\n\t\t\t\t\t                        <div class=\"hektarid\">\n\t\t\t\t\t\t\t18 545 ha                        <\/div>\n\n\t\t\t\t\t\n                <\/div>\n\t\t\t\n                <div class=\"item\">\n\n\t\t\t\t\t\n\n\t\t\t\t\t                        <div class=\"aasta\">\n\t\t\t\t\t\t\t2020                        <\/div>\n\n\t\t\t\t\t\n\t\t\t\t\t                        <div class=\"liikmed\">\n\t\t\t\t\t\t\t902 members                        <\/div>\n\n\t\t\t\t\t\n\t\t\t\t\t                        <div class=\"hektarid\">\n\t\t\t\t\t\t\t21 623 ha                        <\/div>\n\n\t\t\t\t\t\n                <\/div>\n\t\t\t\n                <div class=\"item\">\n\n\t\t\t\t\t\n\n\t\t\t\t\t                        <div class=\"aasta\">\n\t\t\t\t\t\t\t2021                        <\/div>\n\n\t\t\t\t\t\n\t\t\t\t\t                        <div class=\"liikmed\">\n\t\t\t\t\t\t\t921 members                        <\/div>\n\n\t\t\t\t\t\n\t\t\t\t\t                        <div class=\"hektarid\">\n\t\t\t\t\t\t\t20 216 ha                        <\/div>\n\n\t\t\t\t\t\n                <\/div>\n\t\t\t\n                <div class=\"item\">\n\n\t\t\t\t\t\n\n\t\t\t\t\t                        <div class=\"aasta\">\n\t\t\t\t\t\t\t2022                        <\/div>\n\n\t\t\t\t\t\n\t\t\t\t\t                        <div class=\"liikmed\">\n\t\t\t\t\t\t\t955 members                        <\/div>\n\n\t\t\t\t\t\n\t\t\t\t\t                        <div class=\"hektarid\">\n\t\t\t\t\t\t\t20 365 ha                        <\/div>\n\n\t\t\t\t\t\n                <\/div>\n\t\t\t\n                <div class=\"item\">\n\n\t\t\t\t\t\n\n\t\t\t\t\t                        <div class=\"aasta\">\n\t\t\t\t\t\t\t2023                        <\/div>\n\n\t\t\t\t\t\n\t\t\t\t\t                        <div class=\"liikmed\">\n\t\t\t\t\t\t\t990 members                        <\/div>\n\n\t\t\t\t\t\n\t\t\t\t\t                        <div class=\"hektarid\">\n\t\t\t\t\t\t\t20 499 ha                        <\/div>\n\n\t\t\t\t\t\n                <\/div>\n\t\t\t\n                <div class=\"item\">\n\n\t\t\t\t\t\n\n\t\t\t\t\t                        <div class=\"aasta\">\n\t\t\t\t\t\t\t2024                        <\/div>\n\n\t\t\t\t\t\n\t\t\t\t\t                        <div class=\"liikmed\">\n\t\t\t\t\t\t\t1 018 members                        <\/div>\n\n\t\t\t\t\t\n\t\t\t\t\t                        <div class=\"hektarid\">\n\t\t\t\t\t\t\t20 618 ha                        <\/div>\n\n\t\t\t\t\t\n                <\/div>\n\t\t\t\t\t        <\/div>\n    <\/div>\n<\/div>\n\n\n\n<div class=\"wp-block-cover alignfull is-light no-mt\" style=\"min-height:547px;aspect-ratio:unset;\"><span aria-hidden=\"true\" class=\"wp-block-cover__background has-background-dim-0 has-background-dim\"><\/span><img decoding=\"async\" class=\"wp-block-cover__image-background wp-image-18332\" alt=\"\" src=\"http:\/\/metsauhistu.ee\/wp-content\/uploads\/2020\/06\/esi.jpg\" data-object-fit=\"cover\"\/><div class=\"wp-block-cover__inner-container is-layout-flow wp-block-cover-is-layout-flow\">\n<h2 class=\"wp-block-heading has-text-align-center has-white-color has-text-color\" id=\"tutvustus\">Join Metsa\u00fchistu!<\/h2>\n\n\n\n<p class=\"has-text-align-center has-white-color has-text-color\">Whether your forest is big or small, by the sea or in a primeval forest \u2013 we welcome everyone. <br>We know L\u00e4\u00e4ne-Viru County and its surroundings the best and know the local characteristics.<\/p>\n\n\n\n<p class=\"has-text-align-center has-white-color has-text-color\"><strong><span style=\"text-decoration: underline;\"><a href=\"https:\/\/rakvere.metsauhistu.ee\/why-join-metsauhistu\/?lang=en\"><\/a><strong><a href=\"https:\/\/rakvere.metsauhistu.ee\/en\/why-join-metsauhistu\/\">7 reasons why You should join Metsa\u00fchistu<\/a><\/strong><\/span><\/strong>. See also our&nbsp;<strong><a aria-label=\"undefined (opens in a new tab)\" href=\"https:\/\/rakvere.metsauhistu.ee\/wp-content\/uploads\/sites\/6\/2021\/02\/Rakvere-Metsauhistu-pohikiri-2021.pdf\" target=\"_blank\" rel=\"noreferrer noopener\">articles of association (pdf)<\/a><\/strong><\/p>\n\n\n\n<div style=\"height:27px\" aria-hidden=\"true\" class=\"wp-block-spacer\"><\/div>\n\n\n\n<p class=\"has-text-align-center has-white-color has-text-color\"><strong>Membership fee 2024<\/strong><br>\u20ac15 up to 50 ha of forest land<br>\u20ac50 from 51\u2013100 ha of forest land<br>\u20ac100 for more than 100 ha of forest land<\/p>\n\n\n\n<div style=\"height:30px\" aria-hidden=\"true\" class=\"wp-block-spacer\"><\/div>\n\n\n\n<h3 class=\"wp-block-heading has-text-align-center has-white-color has-text-color\"><strong>Join<\/strong> us!<\/h3>\n\n\n\n<p class=\"has-text-align-center has-white-color has-text-color\">Download the application form below, fill it in, sign it and send it by post to our office at<br>Rakvere Metsa\u00fchistu<br>Laada 20<br>44310 Rakvere<br>Estonia<\/p>\n\n\n\n<div style=\"height:20px\" aria-hidden=\"true\" class=\"wp-block-spacer\"><\/div>\n\n\n\n<p class=\"has-text-align-center has-white-color has-text-color\"><strong>Download the application<\/strong><\/p>\n\n\n\n<div class=\"wp-block-buttons is-content-justification-center is-layout-flex wp-container-core-buttons-is-layout-1 wp-block-buttons-is-layout-flex\">\n<div class=\"wp-block-button\"><a class=\"wp-block-button__link has-brand-third-background-color has-background wp-element-button\" href=\"https:\/\/rakvere.metsauhistu.ee\/wp-content\/uploads\/sites\/6\/2023\/12\/Rakvere-Metsauhistu-liitumisavaldus-fuusiline-isik-EN.pdf\" target=\"_blank\" rel=\"noreferrer noopener\">Application for natural person<\/a><\/div>\n\n\n\n<div class=\"wp-block-button is-style-fill\"><a class=\"wp-block-button__link has-brand-third-background-color has-background wp-element-button\" href=\"https:\/\/rakvere.metsauhistu.ee\/wp-content\/uploads\/sites\/6\/2023\/12\/Rakvere-Metsauhistu-liitumisavaldus-juriidiline-isik-EN.pdf\" target=\"_blank\" rel=\"noreferrer noopener\">Application for legal person<\/a><\/div>\n<\/div>\n\n\n\n<p><\/p>\n<\/div><\/div>\n\n\n\n<div class=\"wp-block-group alignfull group-padding partnerid\"><div class=\"wp-block-group__inner-container is-layout-flow wp-block-group-is-layout-flow\">\n<div class=\"wp-block-columns is-layout-flex wp-container-core-columns-is-layout-2 wp-block-columns-is-layout-flex\">\n<div class=\"wp-block-column is-layout-flow wp-block-column-is-layout-flow\">\n<h2 class=\"wp-block-heading has-text-align-center\">We are members of organisations<\/h2>\n\n\n\n<div class=\"wp-block-group logod\"><div class=\"wp-block-group__inner-container is-layout-flow wp-block-group-is-layout-flow\">\n<figure class=\"wp-block-image size-large is-resized\"><a href=\"https:\/\/erametsaliit.ee\/\" target=\"_blank\" rel=\"noopener\"><img loading=\"lazy\" decoding=\"async\" width=\"128\" height=\"128\" src=\"http:\/\/rakvere.metsauhistu.ee\/wp-content\/uploads\/sites\/6\/2020\/12\/eesti-erametsaliit-metsauhistu.png\" alt=\"Eesti Erametsaliit\" class=\"wp-image-17941\" style=\"width:96px;height:96px\"\/><\/a><\/figure>\n<\/div><\/div>\n\n\n\n<p><\/p>\n<\/div>\n\n\n\n<div class=\"wp-block-column is-vertically-aligned-center m-l-50 is-layout-flow wp-block-column-is-layout-flow\">\n<h2 class=\"wp-block-heading has-text-align-center\">Our partners<\/h2>\n\n\n\n<div class=\"wp-block-group logod\"><div class=\"wp-block-group__inner-container is-layout-flow wp-block-group-is-layout-flow\">\n<figure class=\"wp-block-image size-full is-resized\"><img loading=\"lazy\" decoding=\"async\" width=\"305\" height=\"128\" src=\"https:\/\/rakvere.metsauhistu.ee\/wp-content\/uploads\/sites\/6\/2024\/02\/ardenne-logo.png\" alt=\"\" class=\"wp-image-19758\" style=\"height:64px\" srcset=\"https:\/\/rakvere.metsauhistu.ee\/wp-content\/uploads\/sites\/6\/2024\/02\/ardenne-logo.png 305w, https:\/\/rakvere.metsauhistu.ee\/wp-content\/uploads\/sites\/6\/2024\/02\/ardenne-logo-300x126.png 300w\" sizes=\"(max-width: 305px) 100vw, 305px\" \/><\/figure>\n\n\n\n<figure class=\"wp-block-image size-full is-resized\"><img loading=\"lazy\" decoding=\"async\" width=\"272\" height=\"128\" src=\"https:\/\/rakvere.metsauhistu.ee\/wp-content\/uploads\/sites\/6\/2024\/02\/JOOLOG-partnerite-logo-rakvere-metsauhistu-1.png\" alt=\"Joolog\" class=\"wp-image-19789\" style=\"height:64px\"\/><\/figure>\n\n\n\n<figure class=\"wp-block-image size-full is-resized\"><img loading=\"lazy\" decoding=\"async\" width=\"508\" height=\"128\" src=\"https:\/\/rakvere.metsauhistu.ee\/wp-content\/uploads\/sites\/6\/2024\/02\/lepasaare-puit-logo.png\" alt=\"\" class=\"wp-image-19760\" style=\"height:64px\" srcset=\"https:\/\/rakvere.metsauhistu.ee\/wp-content\/uploads\/sites\/6\/2024\/02\/lepasaare-puit-logo.png 508w, https:\/\/rakvere.metsauhistu.ee\/wp-content\/uploads\/sites\/6\/2024\/02\/lepasaare-puit-logo-300x76.png 300w\" sizes=\"(max-width: 508px) 100vw, 508px\" \/><\/figure>\n\n\n\n<figure class=\"wp-block-image size-full is-resized\"><img loading=\"lazy\" decoding=\"async\" width=\"357\" height=\"128\" src=\"https:\/\/rakvere.metsauhistu.ee\/wp-content\/uploads\/sites\/6\/2024\/02\/maehansu-logo.png\" alt=\"\" class=\"wp-image-19762\" style=\"height:64px\" srcset=\"https:\/\/rakvere.metsauhistu.ee\/wp-content\/uploads\/sites\/6\/2024\/02\/maehansu-logo.png 357w, https:\/\/rakvere.metsauhistu.ee\/wp-content\/uploads\/sites\/6\/2024\/02\/maehansu-logo-300x108.png 300w\" sizes=\"(max-width: 357px) 100vw, 357px\" \/><\/figure>\n\n\n\n<figure class=\"wp-block-image is-resized\"><img loading=\"lazy\" decoding=\"async\" width=\"575\" height=\"128\" src=\"http:\/\/rakvere.metsauhistu.ee\/wp-content\/uploads\/sites\/6\/2020\/12\/remington-trade-metsauhistu.png\" alt=\"Remington Trade O\u00dc\" class=\"wp-image-17937\" style=\"height:64px\" srcset=\"https:\/\/rakvere.metsauhistu.ee\/wp-content\/uploads\/sites\/6\/2020\/12\/remington-trade-metsauhistu.png 575w, https:\/\/rakvere.metsauhistu.ee\/wp-content\/uploads\/sites\/6\/2020\/12\/remington-trade-metsauhistu-300x67.png 300w\" sizes=\"(max-width: 575px) 100vw, 575px\" \/><\/figure>\n\n\n\n<figure class=\"wp-block-image size-large is-resized\"><img loading=\"lazy\" decoding=\"async\" width=\"349\" height=\"128\" src=\"http:\/\/rakvere.metsauhistu.ee\/wp-content\/uploads\/sites\/6\/2020\/12\/tuuleoru-metsauhistu.png\" alt=\"Tuuleoru O\u00dc\" class=\"wp-image-17939\" style=\"width:175px;height:64px\" srcset=\"https:\/\/rakvere.metsauhistu.ee\/wp-content\/uploads\/sites\/6\/2020\/12\/tuuleoru-metsauhistu.png 349w, https:\/\/rakvere.metsauhistu.ee\/wp-content\/uploads\/sites\/6\/2020\/12\/tuuleoru-metsauhistu-300x110.png 300w\" sizes=\"(max-width: 349px) 100vw, 349px\" \/><\/figure>\n\n\n\n<figure class=\"wp-block-image size-full is-resized\"><img loading=\"lazy\" decoding=\"async\" width=\"158\" height=\"64\" src=\"https:\/\/rakvere.metsauhistu.ee\/wp-content\/uploads\/sites\/6\/2024\/02\/system-separations-metsauhistu-x64.png\" alt=\"\" class=\"wp-image-19764\" style=\"height:64px\"\/><\/figure>\n<\/div><\/div>\n<\/div>\n<\/div>\n<\/div><\/div>\n","protected":false},"excerpt":{"rendered":"<p>Rakvere Metsa\u00fchistu The Rakvere Metsa\u00fchistu was founded in 1992. In 2000, the legal form was changed and the Rakvere Metsa\u00fchistu became the only forest owner&#8217;s association in Estonia to operate as a commercial association. In mid-2024, we celebrated the joining of our 1000th forest owner. There are other additional firsts setting it apart \u2013 in &hellip; <a href=\"https:\/\/rakvere.metsauhistu.ee\/en\/about-us\/\">J\u00e4tkub<\/a><\/p>\n","protected":false},"author":3,"featured_media":0,"parent":0,"menu_order":0,"comment_status":"closed","ping_status":"closed","template":"full-width.php","meta":{"inline_featured_image":false,"_lmt_disableupdate":"","_lmt_disable":"","_themeisle_gutenberg_block_has_review":false,"footnotes":""},"class_list":["post-19527","page","type-page","status-publish","hentry"],"acf":{"post_custom_id":"","image":false,"peida_otsingus":false},"yoast_head":"<!-- This site is optimized with the Yoast SEO plugin v23.3 - https:\/\/yoast.com\/wordpress\/plugins\/seo\/ -->\n<title>About us - Rakvere Metsa\u00fchistu<\/title>\n<meta name=\"robots\" content=\"index, follow, max-snippet:-1, max-image-preview:large, max-video-preview:-1\" \/>\n<link rel=\"canonical\" href=\"https:\/\/rakvere.metsauhistu.ee\/en\/about-us\/\" \/>\n<meta property=\"og:locale\" content=\"en_US\" \/>\n<meta property=\"og:type\" content=\"article\" \/>\n<meta property=\"og:title\" content=\"About us - Rakvere Metsa\u00fchistu\" \/>\n<meta property=\"og:description\" content=\"Rakvere Metsa\u00fchistu The Rakvere Metsa\u00fchistu was founded in 1992. In 2000, the legal form was changed and the Rakvere Metsa\u00fchistu became the only forest owner&#8217;s association in Estonia to operate as a commercial association. In mid-2024, we celebrated the joining of our 1000th forest owner. There are other additional firsts setting it apart \u2013 in &hellip; J\u00e4tkub\" \/>\n<meta property=\"og:url\" content=\"https:\/\/rakvere.metsauhistu.ee\/en\/about-us\/\" \/>\n<meta property=\"og:site_name\" content=\"Rakvere Metsa\u00fchistu\" \/>\n<meta property=\"article:publisher\" content=\"https:\/\/www.facebook.com\/metsauhistu\" \/>\n<meta property=\"article:modified_time\" content=\"2025-08-12T03:12:16+00:00\" \/>\n<meta property=\"og:image\" content=\"http:\/\/rakvere.metsauhistu.ee\/wp-content\/uploads\/sites\/6\/2020\/08\/rakvere-metsauhistu-piirkond-1024x669.png\" \/>\n<meta name=\"twitter:card\" content=\"summary_large_image\" \/>\n<meta name=\"twitter:label1\" content=\"Est. reading time\" \/>\n\t<meta name=\"twitter:data1\" content=\"4 minutes\" \/>\n<script type=\"application\/ld+json\" class=\"yoast-schema-graph\">{\"@context\":\"https:\/\/schema.org\",\"@graph\":[{\"@type\":\"WebPage\",\"@id\":\"https:\/\/rakvere.metsauhistu.ee\/en\/about-us\/\",\"url\":\"https:\/\/rakvere.metsauhistu.ee\/en\/about-us\/\",\"name\":\"About us - Rakvere Metsa\u00fchistu\",\"isPartOf\":{\"@id\":\"https:\/\/rakvere.metsauhistu.ee\/en\/#website\"},\"primaryImageOfPage\":{\"@id\":\"https:\/\/rakvere.metsauhistu.ee\/en\/about-us\/#primaryimage\"},\"image\":{\"@id\":\"https:\/\/rakvere.metsauhistu.ee\/en\/about-us\/#primaryimage\"},\"thumbnailUrl\":\"http:\/\/rakvere.metsauhistu.ee\/wp-content\/uploads\/sites\/6\/2020\/08\/rakvere-metsauhistu-piirkond-1024x669.png\",\"datePublished\":\"2023-10-27T08:08:57+00:00\",\"dateModified\":\"2025-08-12T03:12:16+00:00\",\"breadcrumb\":{\"@id\":\"https:\/\/rakvere.metsauhistu.ee\/en\/about-us\/#breadcrumb\"},\"inLanguage\":\"en-US\",\"potentialAction\":[{\"@type\":\"ReadAction\",\"target\":[\"https:\/\/rakvere.metsauhistu.ee\/en\/about-us\/\"]}]},{\"@type\":\"ImageObject\",\"inLanguage\":\"en-US\",\"@id\":\"https:\/\/rakvere.metsauhistu.ee\/en\/about-us\/#primaryimage\",\"url\":\"http:\/\/rakvere.metsauhistu.ee\/wp-content\/uploads\/sites\/6\/2020\/08\/rakvere-metsauhistu-piirkond-1024x669.png\",\"contentUrl\":\"http:\/\/rakvere.metsauhistu.ee\/wp-content\/uploads\/sites\/6\/2020\/08\/rakvere-metsauhistu-piirkond-1024x669.png\"},{\"@type\":\"BreadcrumbList\",\"@id\":\"https:\/\/rakvere.metsauhistu.ee\/en\/about-us\/#breadcrumb\",\"itemListElement\":[{\"@type\":\"ListItem\",\"position\":1,\"name\":\"Home\",\"item\":\"https:\/\/rakvere.metsauhistu.ee\/en\/\"},{\"@type\":\"ListItem\",\"position\":2,\"name\":\"About us\"}]},{\"@type\":\"WebSite\",\"@id\":\"https:\/\/rakvere.metsauhistu.ee\/en\/#website\",\"url\":\"https:\/\/rakvere.metsauhistu.ee\/en\/\",\"name\":\"Rakvere Metsa\u00fchistu\",\"description\":\"Majandame metsa \u00fcheskoos vastutustundlikult\",\"publisher\":{\"@id\":\"https:\/\/rakvere.metsauhistu.ee\/en\/#organization\"},\"potentialAction\":[{\"@type\":\"SearchAction\",\"target\":{\"@type\":\"EntryPoint\",\"urlTemplate\":\"https:\/\/rakvere.metsauhistu.ee\/en\/?s={search_term_string}\"},\"query-input\":\"required name=search_term_string\"}],\"inLanguage\":\"en-US\"},{\"@type\":\"Organization\",\"@id\":\"https:\/\/rakvere.metsauhistu.ee\/en\/#organization\",\"name\":\"Rakvere Metsa\u00fchistu\",\"url\":\"https:\/\/rakvere.metsauhistu.ee\/en\/\",\"logo\":{\"@type\":\"ImageObject\",\"inLanguage\":\"en-US\",\"@id\":\"https:\/\/rakvere.metsauhistu.ee\/en\/#\/schema\/logo\/image\/\",\"url\":\"https:\/\/rakvere.metsauhistu.ee\/wp-content\/uploads\/sites\/6\/2024\/07\/MU_Rakvere_logo_colour-1.png\",\"contentUrl\":\"https:\/\/rakvere.metsauhistu.ee\/wp-content\/uploads\/sites\/6\/2024\/07\/MU_Rakvere_logo_colour-1.png\",\"width\":995,\"height\":195,\"caption\":\"Rakvere Metsa\u00fchistu\"},\"image\":{\"@id\":\"https:\/\/rakvere.metsauhistu.ee\/en\/#\/schema\/logo\/image\/\"},\"sameAs\":[\"https:\/\/www.facebook.com\/metsauhistu\",\"https:\/\/www.instagram.com\/metsauhistu\/\",\"https:\/\/www.youtube.com\/@metsauhistu6878\"]}]}<\/script>\n<!-- \/ Yoast SEO plugin. -->","yoast_head_json":{"title":"About us - Rakvere Metsa\u00fchistu","robots":{"index":"index","follow":"follow","max-snippet":"max-snippet:-1","max-image-preview":"max-image-preview:large","max-video-preview":"max-video-preview:-1"},"canonical":"https:\/\/rakvere.metsauhistu.ee\/en\/about-us\/","og_locale":"en_US","og_type":"article","og_title":"About us - Rakvere Metsa\u00fchistu","og_description":"Rakvere Metsa\u00fchistu The Rakvere Metsa\u00fchistu was founded in 1992. In 2000, the legal form was changed and the Rakvere Metsa\u00fchistu became the only forest owner&#8217;s association in Estonia to operate as a commercial association. In mid-2024, we celebrated the joining of our 1000th forest owner. There are other additional firsts setting it apart \u2013 in &hellip; J\u00e4tkub","og_url":"https:\/\/rakvere.metsauhistu.ee\/en\/about-us\/","og_site_name":"Rakvere Metsa\u00fchistu","article_publisher":"https:\/\/www.facebook.com\/metsauhistu","article_modified_time":"2025-08-12T03:12:16+00:00","og_image":[{"url":"http:\/\/rakvere.metsauhistu.ee\/wp-content\/uploads\/sites\/6\/2020\/08\/rakvere-metsauhistu-piirkond-1024x669.png"}],"twitter_card":"summary_large_image","twitter_misc":{"Est. reading time":"4 minutes"},"schema":{"@context":"https:\/\/schema.org","@graph":[{"@type":"WebPage","@id":"https:\/\/rakvere.metsauhistu.ee\/en\/about-us\/","url":"https:\/\/rakvere.metsauhistu.ee\/en\/about-us\/","name":"About us - Rakvere Metsa\u00fchistu","isPartOf":{"@id":"https:\/\/rakvere.metsauhistu.ee\/en\/#website"},"primaryImageOfPage":{"@id":"https:\/\/rakvere.metsauhistu.ee\/en\/about-us\/#primaryimage"},"image":{"@id":"https:\/\/rakvere.metsauhistu.ee\/en\/about-us\/#primaryimage"},"thumbnailUrl":"http:\/\/rakvere.metsauhistu.ee\/wp-content\/uploads\/sites\/6\/2020\/08\/rakvere-metsauhistu-piirkond-1024x669.png","datePublished":"2023-10-27T08:08:57+00:00","dateModified":"2025-08-12T03:12:16+00:00","breadcrumb":{"@id":"https:\/\/rakvere.metsauhistu.ee\/en\/about-us\/#breadcrumb"},"inLanguage":"en-US","potentialAction":[{"@type":"ReadAction","target":["https:\/\/rakvere.metsauhistu.ee\/en\/about-us\/"]}]},{"@type":"ImageObject","inLanguage":"en-US","@id":"https:\/\/rakvere.metsauhistu.ee\/en\/about-us\/#primaryimage","url":"http:\/\/rakvere.metsauhistu.ee\/wp-content\/uploads\/sites\/6\/2020\/08\/rakvere-metsauhistu-piirkond-1024x669.png","contentUrl":"http:\/\/rakvere.metsauhistu.ee\/wp-content\/uploads\/sites\/6\/2020\/08\/rakvere-metsauhistu-piirkond-1024x669.png"},{"@type":"BreadcrumbList","@id":"https:\/\/rakvere.metsauhistu.ee\/en\/about-us\/#breadcrumb","itemListElement":[{"@type":"ListItem","position":1,"name":"Home","item":"https:\/\/rakvere.metsauhistu.ee\/en\/"},{"@type":"ListItem","position":2,"name":"About us"}]},{"@type":"WebSite","@id":"https:\/\/rakvere.metsauhistu.ee\/en\/#website","url":"https:\/\/rakvere.metsauhistu.ee\/en\/","name":"Rakvere Metsa\u00fchistu","description":"Majandame metsa \u00fcheskoos vastutustundlikult","publisher":{"@id":"https:\/\/rakvere.metsauhistu.ee\/en\/#organization"},"potentialAction":[{"@type":"SearchAction","target":{"@type":"EntryPoint","urlTemplate":"https:\/\/rakvere.metsauhistu.ee\/en\/?s={search_term_string}"},"query-input":"required name=search_term_string"}],"inLanguage":"en-US"},{"@type":"Organization","@id":"https:\/\/rakvere.metsauhistu.ee\/en\/#organization","name":"Rakvere Metsa\u00fchistu","url":"https:\/\/rakvere.metsauhistu.ee\/en\/","logo":{"@type":"ImageObject","inLanguage":"en-US","@id":"https:\/\/rakvere.metsauhistu.ee\/en\/#\/schema\/logo\/image\/","url":"https:\/\/rakvere.metsauhistu.ee\/wp-content\/uploads\/sites\/6\/2024\/07\/MU_Rakvere_logo_colour-1.png","contentUrl":"https:\/\/rakvere.metsauhistu.ee\/wp-content\/uploads\/sites\/6\/2024\/07\/MU_Rakvere_logo_colour-1.png","width":995,"height":195,"caption":"Rakvere Metsa\u00fchistu"},"image":{"@id":"https:\/\/rakvere.metsauhistu.ee\/en\/#\/schema\/logo\/image\/"},"sameAs":["https:\/\/www.facebook.com\/metsauhistu","https:\/\/www.instagram.com\/metsauhistu\/","https:\/\/www.youtube.com\/@metsauhistu6878"]}]}},"_links":{"self":[{"href":"https:\/\/rakvere.metsauhistu.ee\/en\/wp-json\/wp\/v2\/pages\/19527"}],"collection":[{"href":"https:\/\/rakvere.metsauhistu.ee\/en\/wp-json\/wp\/v2\/pages"}],"about":[{"href":"https:\/\/rakvere.metsauhistu.ee\/en\/wp-json\/wp\/v2\/types\/page"}],"author":[{"embeddable":true,"href":"https:\/\/rakvere.metsauhistu.ee\/en\/wp-json\/wp\/v2\/users\/3"}],"replies":[{"embeddable":true,"href":"https:\/\/rakvere.metsauhistu.ee\/en\/wp-json\/wp\/v2\/comments?post=19527"}],"version-history":[{"count":19,"href":"https:\/\/rakvere.metsauhistu.ee\/en\/wp-json\/wp\/v2\/pages\/19527\/revisions"}],"predecessor-version":[{"id":20217,"href":"https:\/\/rakvere.metsauhistu.ee\/en\/wp-json\/wp\/v2\/pages\/19527\/revisions\/20217"}],"wp:attachment":[{"href":"https:\/\/rakvere.metsauhistu.ee\/en\/wp-json\/wp\/v2\/media?parent=19527"}],"curies":[{"name":"wp","href":"https:\/\/api.w.org\/{rel}","templated":true}]}}